{"id":411,"date":"2022-05-16T10:51:08","date_gmt":"2022-05-16T10:51:08","guid":{"rendered":"http:\/\/192.168.0.63\/NextPlus\/?page_id=411"},"modified":"2025-08-15T13:48:53","modified_gmt":"2025-08-15T13:48:53","slug":"about-us","status":"publish","type":"page","link":"https:\/\/nextplus.al\/en\/about-us\/","title":{"rendered":"About us"},"content":{"rendered":"<h1 class=\"has-text-align-center description text-bold wp-block-heading\"><strong>PEOPLE<\/strong>.<br>CULTURE<br><strong>SERVICES<\/strong>.<\/h1>\n\n\n\n<div class=\"wp-block-columns about-us-columns is-layout-flex wp-container-core-columns-is-layout-28f84493 wp-block-columns-is-layout-flex\">\n<div class=\"wp-block-column is-vertically-aligned-top about_background1 is-layout-flow wp-block-column-is-layout-flow\" style=\"flex-basis:15%\">\n<figure class=\"wp-block-image size-full\"><img loading=\"lazy\" decoding=\"async\" width=\"331\" height=\"687\" src=\"http:\/\/192.168.0.63\/NextPlus\/wp-content\/uploads\/2022\/05\/about_background1-1.png\" alt=\"\" class=\"wp-image-671\" srcset=\"https:\/\/nextplus.al\/wp-content\/uploads\/2022\/05\/about_background1-1.png 331w, https:\/\/nextplus.al\/wp-content\/uploads\/2022\/05\/about_background1-1-145x300.png 145w\" sizes=\"auto, (max-width: 331px) 100vw, 331px\" \/><\/figure>\n<\/div>\n\n\n\n<div class=\"wp-block-column hero-image-column-about zinm1 is-layout-flow wp-block-column-is-layout-flow\" style=\"flex-basis:70%\">\n<figure class=\"wp-block-image size-large hero-image-about image-cut\"><img loading=\"lazy\" decoding=\"async\" width=\"1024\" height=\"470\" src=\"http:\/\/nextplus.al\/wp-content\/uploads\/2022\/05\/Path-314-1-1024x470.png\" alt=\"\" class=\"wp-image-672\" srcset=\"https:\/\/nextplus.al\/wp-content\/uploads\/2022\/05\/Path-314-1-1024x470.png 1024w, https:\/\/nextplus.al\/wp-content\/uploads\/2022\/05\/Path-314-1-300x138.png 300w, https:\/\/nextplus.al\/wp-content\/uploads\/2022\/05\/Path-314-1-768x352.png 768w, https:\/\/nextplus.al\/wp-content\/uploads\/2022\/05\/Path-314-1-1536x704.png 1536w, https:\/\/nextplus.al\/wp-content\/uploads\/2022\/05\/Path-314-1.png 1620w\" sizes=\"auto, (max-width: 1024px) 100vw, 1024px\" \/><\/figure>\n<\/div>\n\n\n\n<div class=\"wp-block-column is-vertically-aligned-bottom is-layout-flow wp-block-column-is-layout-flow\" style=\"flex-basis:15%\">\n<figure class=\"wp-block-image size-full about_background2\"><img loading=\"lazy\" decoding=\"async\" width=\"322\" height=\"710\" src=\"http:\/\/192.168.0.63\/NextPlus\/wp-content\/uploads\/2022\/05\/about_background2-1.png\" alt=\"\" class=\"wp-image-673\" srcset=\"https:\/\/nextplus.al\/wp-content\/uploads\/2022\/05\/about_background2-1.png 322w, https:\/\/nextplus.al\/wp-content\/uploads\/2022\/05\/about_background2-1-136x300.png 136w\" sizes=\"auto, (max-width: 322px) 100vw, 322px\" \/><\/figure>\n<\/div>\n<\/div>\n\n\n\n<div class=\"space mobile-space\"><\/div>\n\n\n\n<div class=\"vline vline-about\"><\/div>\n\n\n\n<div class=\"space mobile-space\"><\/div>\n\n\n\n<p class=\"has-text-align-center container\">We started in 2004 as City Computer, when we were enthusiastic, young, and willing to do anything to succeed.\nEven today we maintain the same enthusiasm, but matured to leave an indelible mark.<br><\/p>\n\n\n\n<div class=\"space\"><\/div>\n\n\n\n<div class=\"wp-block-columns container red-titles-description is-layout-flex wp-container-core-columns-is-layout-28f84493 wp-block-columns-is-layout-flex\">\n<div class=\"wp-block-column is-vertically-aligned-top is-layout-flow wp-block-column-is-layout-flow\">\n<h2 class=\"wp-block-heading first-heading\">Check<\/h2>\n\n\n\n<h2 class=\"wp-block-heading block-margin text-bold\"><strong>OUR HQ<\/strong><\/h2>\n<\/div>\n\n\n\n<div class=\"wp-block-column is-vertically-aligned-bottom is-layout-flow wp-block-column-is-layout-flow\">\n<p class=\"block-margin\">Since our establishment when we had just began operating in Pristina, for years we continued to create a company culture that is centered on the people, innovation and superior service.<\/p>\n<\/div>\n<\/div>\n\n\n\n<div class=\"space\"><\/div>\n\n\n\n<div class=\"hline container\"><\/div>\n\n\n\n<figure class=\"wp-block-gallery has-nested-images columns-2 is-cropped photo-album wp-block-gallery-1 is-layout-flex wp-block-gallery-is-layout-flex\">\n<figure class=\"wp-block-image size-large\"><img decoding=\"async\" src=\"http:\/\/nextplus.al\/wp-content\/uploads\/2022\/05\/blog6-300x247.png\" alt=\"\"\/><\/figure>\n\n\n\n<figure class=\"wp-block-image size-large\"><img decoding=\"async\" src=\"http:\/\/nextplus.al\/wp-content\/uploads\/2022\/05\/blog1-300x247.png\" alt=\"\"\/><\/figure>\n\n\n\n<figure class=\"wp-block-image size-large\"><img decoding=\"async\" src=\"http:\/\/nextplus.al\/wp-content\/uploads\/2022\/05\/blog2-300x247.png\" alt=\"\"\/><\/figure>\n\n\n\n<figure class=\"wp-block-image size-large\"><img decoding=\"async\" src=\"http:\/\/nextplus.al\/wp-content\/uploads\/2022\/05\/blog3-300x247.png\" alt=\"\"\/><\/figure>\n\n\n\n<figure class=\"wp-block-image size-large\"><img decoding=\"async\" src=\"http:\/\/nextplus.al\/wp-content\/uploads\/2022\/05\/pc-example-1024x683.jpg\" alt=\"working-pc\"\/><\/figure>\n<\/figure>\n\n\n\n<figure class=\"wp-block-gallery has-nested-images columns-2 is-cropped owl-carousel photo-gallery wp-block-gallery-2 is-layout-flex wp-block-gallery-is-layout-flex\">\n<figure class=\"wp-block-image size-large\"><img decoding=\"async\" src=\"http:\/\/nextplus.al\/wp-content\/uploads\/2022\/05\/blog6-300x247.png\" alt=\"\"\/><\/figure>\n\n\n\n<figure class=\"wp-block-image size-large\"><img decoding=\"async\" src=\"http:\/\/nextplus.al\/wp-content\/uploads\/2022\/05\/blog1-300x247.png\" alt=\"\"\/><\/figure>\n\n\n\n<figure class=\"wp-block-image size-large\"><img decoding=\"async\" src=\"http:\/\/nextplus.al\/wp-content\/uploads\/2022\/05\/blog2-300x247.png\" alt=\"\"\/><\/figure>\n\n\n\n<figure class=\"wp-block-image size-large\"><img decoding=\"async\" src=\"http:\/\/nextplus.al\/wp-content\/uploads\/2022\/05\/blog3-300x247.png\" alt=\"\"\/><\/figure>\n\n\n\n<figure class=\"wp-block-image size-large\"><img decoding=\"async\" src=\"http:\/\/nextplus.al\/wp-content\/uploads\/2022\/05\/pc-example-1024x683.jpg\" alt=\"working-pc\"\/><\/figure>\n<\/figure>\n\n\n\n<div class=\"space\"><\/div>\n\n\n\n<div class=\"wp-block-columns container is-layout-flex wp-container-core-columns-is-layout-28f84493 wp-block-columns-is-layout-flex\">\n<div class=\"wp-block-column next-webs is-layout-flow wp-block-column-is-layout-flow\"><div class=\"aligncenter next-webs wp-block-template-part\">\r\n<div class=\"wp-block-columns is-layout-flex wp-container-core-columns-is-layout-28f84493 wp-block-columns-is-layout-flex\">\r\n    <div class=\"wp-block-column is-layout-flow wp-block-column-is-layout-flow\" style=\"flex-basis:33.33%\">\r\n    <figure class=\"wp-block-image size-full\"><img loading=\"lazy\" decoding=\"async\" width=\"34\" height=\"76\" src=\"http:\/\/192.168.0.63\/NextPlus\/wp-content\/uploads\/2022\/05\/Component-46-\u2013-1.png\" alt=\"\" class=\"wp-image-125\"\/><\/figure>\r\n    <\/div>\r\n    \r\n    \r\n    \r\n    <div class=\"wp-block-column is-layout-flow wp-block-column-is-layout-flow\" style=\"flex-basis:66.66%\">\r\n    <figure class=\"wp-block-image size-full\"><img loading=\"lazy\" decoding=\"async\" width=\"162\" height=\"76\" src=\"http:\/\/192.168.0.63\/NextPlus\/wp-content\/uploads\/2022\/05\/Store-1.png\" alt=\"\" class=\"wp-image-126\"\/><\/figure>\r\n    \r\n    \r\n    \r\n    <div class=\"wp-block-group is-layout-flex wp-block-group-is-layout-flex\"><\/div>\r\n    <\/div>\r\n    <\/div>\r\n    \r\n    \r\n    \r\n    <div class=\"wp-block-group is-layout-flex wp-block-group-is-layout-flex\">\r\n    <p>Lorem ipsum dolor sit amet, consectetur    adipiscing elit, sed do<\/p>\r\n    \r\n    \r\n    \r\n    <div class=\"wp-block-buttons is-layout-flex wp-block-buttons-is-layout-flex\"><\/div>\r\n    <\/div>\r\n    \r\n    \r\n    \r\n    <div class=\"wp-block-group is-layout-flex wp-block-group-is-layout-flex\">\r\n    <div class=\"wp-block-buttons is-layout-flex wp-block-buttons-is-layout-flex\"><\/div>\r\n    <\/div>\r\n    <\/div><\/div>\n<\/div>\n\n\n\n<div class=\"space mobile-space\"><\/div>\n\n\n\n<div class=\"wp-block-group operating-years2 is-layout-flex wp-block-group-is-layout-flex\">\n<h1 class=\"wp-block-heading has-text-align-center operating-y-h1 text-bold\"><\/h1>\n\n\n<h1 class=\"wp-block-heading has-text-align-center operating-y-h1 text-bold\"><strong>OPERATING FOR<br>22 YEARS<\/strong><\/h1>\n\n\n\n<p class=\"has-text-align-center\"><\/p>\n<\/div>\n\n\n\n<div class=\"space\"><\/div>\n\n\n\n<div class=\"wp-block-columns container red-titles-description is-layout-flex wp-container-core-columns-is-layout-28f84493 wp-block-columns-is-layout-flex\">\n<div class=\"wp-block-column is-vertically-aligned-top is-layout-flow wp-block-column-is-layout-flow\">\n<h2 class=\"wp-block-heading first-heading\">Say hello to<\/h2>\n\n\n\n<h2 class=\"wp-block-heading block-margin text-bold\"><strong>OUR MEMBERS<\/strong><\/h2>\n<\/div>\n\n\n\n<div class=\"wp-block-column is-vertically-aligned-bottom is-layout-flow wp-block-column-is-layout-flow\">\n<p>Puna n\u00eb grup \u00ebsht\u00eb sekreti q\u00eb i b\u00ebn njer\u00ebzit e thjesht\u00eb t\u00eb arrijn\u00eb rezultate t\u00eb rralla. Ekipi yn\u00eb n\u00eb Next Plus ndajn\u00eb vizionin dhe vlerat e komunitetit ton\u00eb.<\/p>\n<\/div>\n<\/div>\n\n\n\n<div class=\"space\"><\/div>\n\n\n\n<div class=\"hline container\"><\/div>\n\n\n\n<div class=\"space\"><\/div>\n\n\n\n<div class=\"wp-block-columns owl-carousel team-member-carousel is-layout-flex wp-container-core-columns-is-layout-28f84493 wp-block-columns-is-layout-flex\">\n<div class=\"wp-block-column is-layout-flow wp-block-column-is-layout-flow\">\n<div class=\"wp-block-team-member-block-team-member-block text-bold p-bold\"><div class=\"eb-team-member-rffpqra eb-team-wrapper\"><div class=\"eb-team-inner\"><div class=\"image\"><img decoding=\"async\" class=\"avatar\" src=\"https:\/\/nextplus.al\/wp-content\/uploads\/2022\/10\/MAN-371x403-1.png\" alt=\"member\"\/><ul class=\"socials\"><li><a class=\"\" href=\"#\"><i class=\"hvr-icon social-icon fab fa-linkedin-in\"><\/i><\/a><\/li><\/ul><\/div><div class=\"contents\"><div class=\"texts\"><h3 class=\"name\">John Doe<\/h3><h4 class=\"job_title\">CEO<\/h4><p class=\"description\"><\/p><\/div><\/div><\/div><\/div><\/div>\n<\/div>\n\n\n\n<div class=\"wp-block-column is-layout-flow wp-block-column-is-layout-flow\">\n<div class=\"wp-block-team-member-block-team-member-block text-bold p-bold\"><div class=\"eb-team-member-rffpqra eb-team-wrapper\"><div class=\"eb-team-inner\"><div class=\"image\"><img decoding=\"async\" class=\"avatar\" src=\"https:\/\/nextplus.al\/wp-content\/uploads\/2022\/10\/WOMAN-370x403-1.png\" alt=\"member\"\/><ul class=\"socials\"><li><a class=\"\" href=\"#\"><i class=\"hvr-icon social-icon fab fa-linkedin-in\"><\/i><\/a><\/li><\/ul><\/div><div class=\"contents\"><div class=\"texts\"><h3 class=\"name\">John Doe<\/h3><h4 class=\"job_title\">CEO<\/h4><p class=\"description\"><\/p><\/div><\/div><\/div><\/div><\/div>\n<\/div>\n\n\n\n<div class=\"wp-block-column is-layout-flow wp-block-column-is-layout-flow\">\n<div class=\"wp-block-team-member-block-team-member-block text-bold p-bold\"><div class=\"eb-team-member-4x5q7pl eb-team-wrapper\"><div class=\"eb-team-inner\"><div class=\"image\"><img decoding=\"async\" class=\"avatar\" src=\"https:\/\/nextplus.al\/wp-content\/uploads\/2022\/10\/WOMAN-370x403-1.png\" alt=\"member\"\/><ul class=\"socials\"><li><a class=\"\" href=\"#\"><i class=\"hvr-icon social-icon fab fa-linkedin-in\"><\/i><\/a><\/li><\/ul><\/div><div class=\"contents\"><div class=\"texts\"><h3 class=\"name\">John Doe<\/h3><h4 class=\"job_title\">CEO<\/h4><p class=\"description\"><\/p><\/div><\/div><\/div><\/div><\/div>\n<\/div>\n\n\n\n<div class=\"wp-block-column is-layout-flow wp-block-column-is-layout-flow\">\n<div class=\"wp-block-team-member-block-team-member-block text-bold p-bold\"><div class=\"eb-team-member-vqxnpbf eb-team-wrapper\"><div class=\"eb-team-inner\"><div class=\"image\"><img decoding=\"async\" class=\"avatar\" src=\"https:\/\/nextplus.al\/wp-content\/uploads\/2022\/10\/MAN-371x403-1.png\" alt=\"member\"\/><ul class=\"socials\"><li><a class=\"\" href=\"#\"><i class=\"hvr-icon social-icon fab fa-linkedin-in\"><\/i><\/a><\/li><\/ul><\/div><div class=\"contents\"><div class=\"texts\"><h3 class=\"name\">John Doe<\/h3><h4 class=\"job_title\">CEO<\/h4><p class=\"description\"><\/p><\/div><\/div><\/div><\/div><\/div>\n<\/div>\n<\/div>\n\n\n\n<div class=\"space\"><\/div>\n\n\n\n<p class=\"container\">T\u00eb jeni pjes\u00eb e ekipit ton\u00eb ju b\u00ebn t\u00eb jeni pjes\u00eb e nj\u00eb ambienti t\u00eb ngroht\u00eb, ku \u00e7do pun\u00eb fillon dhe mbaron me shum\u00eb entuziaz\u00ebm.&nbsp;T\u00eb gjith\u00eb s\u00eb bashku arrijm\u00eb m\u00eb shum\u00eb.<\/p>\n\n\n\n<div class=\"space\"><\/div>","protected":false},"excerpt":{"rendered":"<p>Ne e filluam n\u00eb vitin 2004 si City Computer, at\u00ebher\u00eb kur ishim entuziast\u00eb, t\u00eb rinj, dhe t\u00eb gatsh\u00ebm p\u00ebr t\u00eb b\u00ebr\u00eb gjith\u00e7ka p\u00ebr t\u00eb pasur sukses.Edhe sot e ruajm\u00eb t\u00eb nj\u00ebjtin entuziaz\u00ebm, por t\u00eb maturuar p\u00ebr t\u00eb l\u00ebn\u00eb gjurm\u00eb t\u00eb pashlyeshme. Check OUR HQ &#8220;Q\u00eb nga themelimi ku filluam n\u00eb Prishtin\u00eb, p\u00ebr vite me radh\u00eb [&hellip;]<\/p>","protected":false},"author":5,"featured_media":0,"parent":0,"menu_order":0,"comment_status":"closed","ping_status":"closed","template":"main","meta":{"_eb_attr":"","footnotes":""},"class_list":["post-411","page","type-page","status-publish","hentry"],"_links":{"self":[{"href":"https:\/\/nextplus.al\/en\/wp-json\/wp\/v2\/pages\/411","targetHints":{"allow":["GET"]}}],"collection":[{"href":"https:\/\/nextplus.al\/en\/wp-json\/wp\/v2\/pages"}],"about":[{"href":"https:\/\/nextplus.al\/en\/wp-json\/wp\/v2\/types\/page"}],"author":[{"embeddable":true,"href":"https:\/\/nextplus.al\/en\/wp-json\/wp\/v2\/users\/5"}],"replies":[{"embeddable":true,"href":"https:\/\/nextplus.al\/en\/wp-json\/wp\/v2\/comments?post=411"}],"version-history":[{"count":0,"href":"https:\/\/nextplus.al\/en\/wp-json\/wp\/v2\/pages\/411\/revisions"}],"wp:attachment":[{"href":"https:\/\/nextplus.al\/en\/wp-json\/wp\/v2\/media?parent=411"}],"curies":[{"name":"wp","href":"https:\/\/api.w.org\/{rel}","templated":true}]}}